{"id":1295,"date":"2022-01-19T08:54:21","date_gmt":"2022-01-19T08:54:21","guid":{"rendered":"https:\/\/xn--quiaeucetteidefolle-nzb.ch\/?page_id=1295"},"modified":"2026-03-30T07:38:39","modified_gmt":"2026-03-30T07:38:39","slug":"formations","status":"publish","type":"page","link":"https:\/\/xn--quiaeucetteidefolle-nzb.ch\/?page_id=1295","title":{"rendered":"formations"},"content":{"rendered":"\n<h2 class=\"wp-block-heading\">Prochaines interventions <\/h2>\n\n\n\n<figure class=\"wp-block-table alignfull is-style-stripes\"><table><tbody><tr><td class=\"has-text-align-center\" data-align=\"center\"><img loading=\"lazy\" decoding=\"async\" width=\"200\" height=\"72\" class=\"wp-image-2177\" style=\"width: 200px;\" src=\"https:\/\/xn--quiaeucetteidefolle-nzb.ch\/wp-content\/uploads\/2025\/01\/IMG_0020.jpeg\" alt=\"\" srcset=\"https:\/\/xn--quiaeucetteidefolle-nzb.ch\/wp-content\/uploads\/2025\/01\/IMG_0020.jpeg 581w, https:\/\/xn--quiaeucetteidefolle-nzb.ch\/wp-content\/uploads\/2025\/01\/IMG_0020-300x108.jpeg 300w, https:\/\/xn--quiaeucetteidefolle-nzb.ch\/wp-content\/uploads\/2025\/01\/IMG_0020-575x208.jpeg 575w, https:\/\/xn--quiaeucetteidefolle-nzb.ch\/wp-content\/uploads\/2025\/01\/IMG_0020-380x137.jpeg 380w\" sizes=\"auto, (max-width: 200px) 100vw, 200px\" \/><\/td><td><strong>12 mai 2026<\/strong> : intervention dans le cadre du cours > <a href=\"https:\/\/padlet.com\/thorensmarc\/participation-et-forme-scolaire-mide-25-26-ylhqfegynvsmacac\" title=\"\">lien vers le padlet<\/a><br>\u00ab\u00a0Droits de l\u2019enfant et \u00e9ducation : participation et forme scolaire\u00a0\u00bb <br>(Master interdisciplinaire en droits de l\u2019enfant, Bramois)<br>Marc Thorens<\/td><td><\/td><td><\/td><td><\/td><\/tr><\/tbody><\/table><\/figure>\n\n\n\n<h2 class=\"wp-block-heading\">Interventions pass\u00e9es  <\/h2>\n\n\n\n<figure class=\"wp-block-table alignfull is-style-stripes\"><table><tbody><tr><td><img decoding=\"async\" src=\"https:\/\/xn--quiaeucetteidefolle-nzb.ch\/wp-content\/uploads\/2025\/10\/IMG_0474-e1774381537729.jpeg\" alt=\"\"><\/td><td><strong><br>20 novembre 2025<\/strong> : participation \u00e0 une table ronde dans le cadre du colloque \u201c\u00e9duquer aux droits de l\u2019enfant : trois d\u00e9cennies d\u2019id\u00e9al et de r\u00e9alit\u00e9s\u201d<br>(Campus Bellevue, Sierre)<br>Marc Thorens<\/td><td><\/td><td><\/td><td><\/td><td><\/td><\/tr><tr><td><img loading=\"lazy\" decoding=\"async\" width=\"150\" height=\"54\" class=\"wp-image-2177\" style=\"width: 150px;\" src=\"https:\/\/xn--quiaeucetteidefolle-nzb.ch\/wp-content\/uploads\/2025\/01\/IMG_0020.jpeg\" alt=\"\" srcset=\"https:\/\/xn--quiaeucetteidefolle-nzb.ch\/wp-content\/uploads\/2025\/01\/IMG_0020.jpeg 581w, https:\/\/xn--quiaeucetteidefolle-nzb.ch\/wp-content\/uploads\/2025\/01\/IMG_0020-300x108.jpeg 300w, https:\/\/xn--quiaeucetteidefolle-nzb.ch\/wp-content\/uploads\/2025\/01\/IMG_0020-575x208.jpeg 575w, https:\/\/xn--quiaeucetteidefolle-nzb.ch\/wp-content\/uploads\/2025\/01\/IMG_0020-380x137.jpeg 380w\" sizes=\"auto, (max-width: 150px) 100vw, 150px\" \/><\/td><td><strong>13<\/strong> <strong>Mai 2025<\/strong> : Intervention dans le cadre du cours &gt; <a href=\"https:\/\/padlet.com\/thorensmarc\/mide-24-25-participation-l-cole-publique-cxyvnmqks9yzp97w\" title=\"lien vers le padlet\">lien vers le padlet<\/a><br>\u00ab&nbsp;Droits de l\u2019enfant et \u00e9ducation : participation et forme scolaire&nbsp;\u00bb <br>(Master interdisciplinaire en droits de l\u2019enfant, Bramois)<br>Marc Thorens<\/td><td><\/td><td><\/td><td><\/td><td><\/td><\/tr><tr><td><img loading=\"lazy\" decoding=\"async\" width=\"200\" height=\"131\" class=\"wp-image-2202\" style=\"width: 200px;\" src=\"https:\/\/xn--quiaeucetteidefolle-nzb.ch\/wp-content\/uploads\/2025\/01\/IMG_0026-1.jpeg\" alt=\"\"><\/td><td><strong>7 novembre 2024<\/strong> : Intervention au s\u00e9minaire de la f\u00e9d\u00e9ration<br>des associations des directrices et directeurs des \u00e9tablissements <br>de formation officiels vaudois <br><em>\u00ab&nbsp;la participation des \u00e9l\u00e8ves dans le contexte scolaire&nbsp;\u00bb<\/em><br>(S\u00e9minaire 3D, Leysin)<br>Marc Thorens<\/td><td><\/td><td><\/td><td><\/td><td><\/td><\/tr><tr><td><img loading=\"lazy\" decoding=\"async\" width=\"150\" height=\"30\" class=\"wp-image-2204\" style=\"width: 150px;\" src=\"https:\/\/xn--quiaeucetteidefolle-nzb.ch\/wp-content\/uploads\/2025\/01\/IMG_0028.jpeg\" alt=\"\" srcset=\"https:\/\/xn--quiaeucetteidefolle-nzb.ch\/wp-content\/uploads\/2025\/01\/IMG_0028.jpeg 768w, https:\/\/xn--quiaeucetteidefolle-nzb.ch\/wp-content\/uploads\/2025\/01\/IMG_0028-300x60.jpeg 300w, https:\/\/xn--quiaeucetteidefolle-nzb.ch\/wp-content\/uploads\/2025\/01\/IMG_0028-575x115.jpeg 575w, https:\/\/xn--quiaeucetteidefolle-nzb.ch\/wp-content\/uploads\/2025\/01\/IMG_0028-380x76.jpeg 380w\" sizes=\"auto, (max-width: 150px) 100vw, 150px\" \/><\/td><td><strong>mai 2023 et 2024<\/strong> : Webinaire <em>\u00ab&nbsp;la participation des \u00e9l\u00e8ves<\/em><br><em>comme outil d\u2019\u00e9ducation \u00e0 la d\u00e9mocratie&nbsp;\u00bb<\/em> organis\u00e9 par Campus pour<br>la D\u00e9mocratie <br>(Webinaire, en ligne)<br>Marc Thorens<\/td><td><\/td><td><\/td><td><\/td><td><\/td><\/tr><tr><td><img loading=\"lazy\" decoding=\"async\" width=\"150\" height=\"84\" class=\"wp-image-2198\" style=\"width: 150px;\" src=\"https:\/\/xn--quiaeucetteidefolle-nzb.ch\/wp-content\/uploads\/2025\/01\/IMG_0023.png\" alt=\"\"><\/td><td><strong>2019 &#8211; 2021<\/strong> Co-conf\u00e9rences \u00ab&nbsp;<em>Ecole et droits de l\u2019enfant<\/em>&nbsp;\u00bb <br>(HEP-Vaud, Lausanne)<br>Marc Thorens <\/td><td><\/td><td><\/td><td><\/td><td><\/td><\/tr><tr><td><img loading=\"lazy\" decoding=\"async\" width=\"150\" height=\"71\" class=\"wp-image-2211\" style=\"width: 150px;\" src=\"https:\/\/xn--quiaeucetteidefolle-nzb.ch\/wp-content\/uploads\/2025\/01\/IMG_0029.jpeg\" alt=\"\" srcset=\"https:\/\/xn--quiaeucetteidefolle-nzb.ch\/wp-content\/uploads\/2025\/01\/IMG_0029.jpeg 772w, https:\/\/xn--quiaeucetteidefolle-nzb.ch\/wp-content\/uploads\/2025\/01\/IMG_0029-300x142.jpeg 300w, https:\/\/xn--quiaeucetteidefolle-nzb.ch\/wp-content\/uploads\/2025\/01\/IMG_0029-768x363.jpeg 768w, https:\/\/xn--quiaeucetteidefolle-nzb.ch\/wp-content\/uploads\/2025\/01\/IMG_0029-575x272.jpeg 575w, https:\/\/xn--quiaeucetteidefolle-nzb.ch\/wp-content\/uploads\/2025\/01\/IMG_0029-380x180.jpeg 380w\" sizes=\"auto, (max-width: 150px) 100vw, 150px\" \/><\/td><td><br><strong>2021<\/strong> : atelier : journ\u00e9e d\u2019\u00e9tude du r\u00e9seau d\u2019\u00e9cole21 : <br>\u00ab\u00a0<em>Vie de classe participative : de la co-cr\u00e9ation du <\/em><br><em>cadre \u00e0 l&rsquo;autonomisation de la r\u00e9solution des conflits<\/em>&nbsp;\u00bb<br>(r\u00e9seau \u00e9cole 21, Lausanne)<br>Marc Thorens <br><\/td><td><\/td><td><\/td><td><\/td><td><\/td><\/tr><tr><td><img loading=\"lazy\" decoding=\"async\" width=\"150\" height=\"150\" class=\"wp-image-2185\" style=\"width: 150px;\" src=\"https:\/\/xn--quiaeucetteidefolle-nzb.ch\/wp-content\/uploads\/2025\/01\/IMG_0022.png\" alt=\"\" srcset=\"https:\/\/xn--quiaeucetteidefolle-nzb.ch\/wp-content\/uploads\/2025\/01\/IMG_0022.png 225w, https:\/\/xn--quiaeucetteidefolle-nzb.ch\/wp-content\/uploads\/2025\/01\/IMG_0022-150x150.png 150w, https:\/\/xn--quiaeucetteidefolle-nzb.ch\/wp-content\/uploads\/2025\/01\/IMG_0022-100x100.png 100w\" sizes=\"auto, (max-width: 150px) 100vw, 150px\" \/><\/td><td><strong>2021<\/strong> : Atelier : \u00ab&nbsp;<em>vie de classe organique et participative<\/em>&nbsp;\u00bb<br>(EPS LEMONT, Lausanne)<br>Marc Thorens <\/td><td><\/td><td><\/td><td><\/td><td><\/td><\/tr><tr><td><img loading=\"lazy\" decoding=\"async\" width=\"150\" height=\"150\" class=\"wp-image-2185\" style=\"width: 150px;\" src=\"https:\/\/xn--quiaeucetteidefolle-nzb.ch\/wp-content\/uploads\/2025\/01\/IMG_0022.png\" alt=\"\" srcset=\"https:\/\/xn--quiaeucetteidefolle-nzb.ch\/wp-content\/uploads\/2025\/01\/IMG_0022.png 225w, https:\/\/xn--quiaeucetteidefolle-nzb.ch\/wp-content\/uploads\/2025\/01\/IMG_0022-150x150.png 150w, https:\/\/xn--quiaeucetteidefolle-nzb.ch\/wp-content\/uploads\/2025\/01\/IMG_0022-100x100.png 100w\" sizes=\"auto, (max-width: 150px) 100vw, 150px\" \/><\/td><td><strong>2021<\/strong> : Accompagnement d\u2019enseignants : mise en place d\u2019un Conseil<br>des \u00e9l\u00e8ves&nbsp; <br>(EPPPB, Pully)<br>Marc Thorens<\/td><td><\/td><td><\/td><td><\/td><td><\/td><\/tr><tr><td><img loading=\"lazy\" decoding=\"async\" width=\"150\" height=\"150\" class=\"wp-image-2185\" style=\"width: 150px;\" src=\"https:\/\/xn--quiaeucetteidefolle-nzb.ch\/wp-content\/uploads\/2025\/01\/IMG_0022.png\" alt=\"\" srcset=\"https:\/\/xn--quiaeucetteidefolle-nzb.ch\/wp-content\/uploads\/2025\/01\/IMG_0022.png 225w, https:\/\/xn--quiaeucetteidefolle-nzb.ch\/wp-content\/uploads\/2025\/01\/IMG_0022-150x150.png 150w, https:\/\/xn--quiaeucetteidefolle-nzb.ch\/wp-content\/uploads\/2025\/01\/IMG_0022-100x100.png 100w\" sizes=\"auto, (max-width: 150px) 100vw, 150px\" \/><\/td><td><br><strong>2020<\/strong> : Atelier :<em> mise en place d\u2019une assembl\u00e9e de classe<\/em> (EPSCENTRELAVAUX, Puidoux)<br><\/td><td><\/td><td><\/td><td><\/td><td><\/td><\/tr><tr><td><img loading=\"lazy\" decoding=\"async\" width=\"150\" height=\"150\" class=\"wp-image-2185\" style=\"width: 150px;\" src=\"https:\/\/xn--quiaeucetteidefolle-nzb.ch\/wp-content\/uploads\/2025\/01\/IMG_0022.png\" alt=\"\" srcset=\"https:\/\/xn--quiaeucetteidefolle-nzb.ch\/wp-content\/uploads\/2025\/01\/IMG_0022.png 225w, https:\/\/xn--quiaeucetteidefolle-nzb.ch\/wp-content\/uploads\/2025\/01\/IMG_0022-150x150.png 150w, https:\/\/xn--quiaeucetteidefolle-nzb.ch\/wp-content\/uploads\/2025\/01\/IMG_0022-100x100.png 100w\" sizes=\"auto, (max-width: 150px) 100vw, 150px\" \/><\/td><td><strong>2020<\/strong> : Atelier :<em> mise en place d\u2019une assembl\u00e9e de classe<\/em> <br>(EPVILLARSPOLIEZ, Villars-le-Terroir)<\/td><td><\/td><td><\/td><td><\/td><td><\/td><\/tr><tr><td><\/td><td><\/td><td><\/td><td><\/td><td><\/td><td><\/td><\/tr><\/tbody><\/table><\/figure>\n","protected":false},"excerpt":{"rendered":"<p>Prochaines interventions 12 mai 2026 : [&hellip;]<\/p>\n","protected":false},"author":1,"featured_media":0,"parent":0,"menu_order":0,"comment_status":"closed","ping_status":"closed","template":"","meta":{"om_disable_all_campaigns":false,"_monsterinsights_skip_tracking":false,"_monsterinsights_sitenote_active":false,"_monsterinsights_sitenote_note":"","_monsterinsights_sitenote_category":0,"footnotes":""},"class_list":["post-1295","page","type-page","status-publish","hentry"],"aioseo_notices":[],"_links":{"self":[{"href":"https:\/\/xn--quiaeucetteidefolle-nzb.ch\/index.php?rest_route=\/wp\/v2\/pages\/1295","targetHints":{"allow":["GET"]}}],"collection":[{"href":"https:\/\/xn--quiaeucetteidefolle-nzb.ch\/index.php?rest_route=\/wp\/v2\/pages"}],"about":[{"href":"https:\/\/xn--quiaeucetteidefolle-nzb.ch\/index.php?rest_route=\/wp\/v2\/types\/page"}],"author":[{"embeddable":true,"href":"https:\/\/xn--quiaeucetteidefolle-nzb.ch\/index.php?rest_route=\/wp\/v2\/users\/1"}],"replies":[{"embeddable":true,"href":"https:\/\/xn--quiaeucetteidefolle-nzb.ch\/index.php?rest_route=%2Fwp%2Fv2%2Fcomments&post=1295"}],"version-history":[{"count":53,"href":"https:\/\/xn--quiaeucetteidefolle-nzb.ch\/index.php?rest_route=\/wp\/v2\/pages\/1295\/revisions"}],"predecessor-version":[{"id":2582,"href":"https:\/\/xn--quiaeucetteidefolle-nzb.ch\/index.php?rest_route=\/wp\/v2\/pages\/1295\/revisions\/2582"}],"wp:attachment":[{"href":"https:\/\/xn--quiaeucetteidefolle-nzb.ch\/index.php?rest_route=%2Fwp%2Fv2%2Fmedia&parent=1295"}],"curies":[{"name":"wp","href":"https:\/\/api.w.org\/{rel}","templated":true}]}}