{"id":1266,"date":"2022-01-18T20:58:59","date_gmt":"2022-01-18T20:58:59","guid":{"rendered":"https:\/\/xn--quiaeucetteidefolle-nzb.ch\/?page_id=1266"},"modified":"2022-08-01T12:38:00","modified_gmt":"2022-08-01T12:38:00","slug":"bienvenue","status":"publish","type":"page","link":"https:\/\/xn--quiaeucetteidefolle-nzb.ch\/","title":{"rendered":""},"content":{"rendered":"\n<p>Marc et Isabelle Thorens vous souhaitent la bienvenue&nbsp;sur cette plateforme&nbsp;d\u00e9di\u00e9e&nbsp;(active depuis janvier 2022).<\/p>\n\n\n\n<p>Tous deux enseignants et formateurs depuis plus de 15 ans, ils souhaitent proposer ici un espace compilant ressources, offres d\u2019accompagnement et de formation et mat\u00e9riel p\u00e9dagogique au service de l\u2019\u00e9cole d\u2019aujourd\u2019hui.<\/p>\n\n\n\n<div class=\"wp-block-media-text alignwide is-stacked-on-mobile\" style=\"grid-template-columns:39% auto\"><figure class=\"wp-block-media-text__media\"><img loading=\"lazy\" decoding=\"async\" width=\"512\" height=\"512\" src=\"https:\/\/xn--quiaeucetteidefolle-nzb.ch\/wp-content\/uploads\/2022\/01\/8D5745C0-8225-4F32-9AD4-A85393D341B7.png\" alt=\"\" class=\"wp-image-1407 size-full\" srcset=\"https:\/\/xn--quiaeucetteidefolle-nzb.ch\/wp-content\/uploads\/2022\/01\/8D5745C0-8225-4F32-9AD4-A85393D341B7.png 512w, https:\/\/xn--quiaeucetteidefolle-nzb.ch\/wp-content\/uploads\/2022\/01\/8D5745C0-8225-4F32-9AD4-A85393D341B7-300x300.png 300w, https:\/\/xn--quiaeucetteidefolle-nzb.ch\/wp-content\/uploads\/2022\/01\/8D5745C0-8225-4F32-9AD4-A85393D341B7-150x150.png 150w, https:\/\/xn--quiaeucetteidefolle-nzb.ch\/wp-content\/uploads\/2022\/01\/8D5745C0-8225-4F32-9AD4-A85393D341B7-380x380.png 380w, https:\/\/xn--quiaeucetteidefolle-nzb.ch\/wp-content\/uploads\/2022\/01\/8D5745C0-8225-4F32-9AD4-A85393D341B7-420x420.png 420w, https:\/\/xn--quiaeucetteidefolle-nzb.ch\/wp-content\/uploads\/2022\/01\/8D5745C0-8225-4F32-9AD4-A85393D341B7-100x100.png 100w\" sizes=\"auto, (max-width: 512px) 100vw, 512px\" \/><\/figure><div class=\"wp-block-media-text__content\">\n<p class=\"has-normal-font-size\">Marc Thorens est dipl\u00f4m\u00e9 en enseignement primaire\u00a0(2007). Il est \u00e9galement titulaire d\u2019un Master interdisciplinaire en droits de l\u2019enfant\u00a0(2015), ainsi qu\u2019un certificat de praticien-formateur\u00a0(2019). Marc a exerc\u00e9 son m\u00e9tier d\u2019enseignant dans plusieurs cantons de Suisse romande et \u00e9galement en Afrique du Sud. Depuis plusieurs ann\u00e9es, il accompagne des enseignants, des groupes d\u2019enseignants et des \u00e9tablissements en lien notamment avec les th\u00e9matiques suivantes : la participation \u00e0 l\u2019\u00e9cole (Assembl\u00e9es de classe et Conseils d\u2019\u00e9l\u00e8ves), la gestion des comportements et des conflits au sein de la classe et l\u2019accessibilit\u00e9 par la diff\u00e9renciation.  Actuellement, Marc occupe un poste de doyen \u00e0 l\u2019\u00e9tablissement primaire Edmond-Gilliard \u00e0 Yverdon. <\/p>\n<\/div><\/div>\n\n\n\n<p><\/p>\n\n\n\n<div class=\"wp-block-media-text alignwide has-media-on-the-right is-stacked-on-mobile\" style=\"grid-template-columns:auto 38%\"><figure class=\"wp-block-media-text__media\"><img loading=\"lazy\" decoding=\"async\" width=\"512\" height=\"512\" src=\"https:\/\/xn--quiaeucetteidefolle-nzb.ch\/wp-content\/uploads\/2022\/01\/2745F868-2235-4841-8FCF-D3AB2CE0CAD8.png\" alt=\"\" class=\"wp-image-1405 size-full\" srcset=\"https:\/\/xn--quiaeucetteidefolle-nzb.ch\/wp-content\/uploads\/2022\/01\/2745F868-2235-4841-8FCF-D3AB2CE0CAD8.png 512w, https:\/\/xn--quiaeucetteidefolle-nzb.ch\/wp-content\/uploads\/2022\/01\/2745F868-2235-4841-8FCF-D3AB2CE0CAD8-300x300.png 300w, https:\/\/xn--quiaeucetteidefolle-nzb.ch\/wp-content\/uploads\/2022\/01\/2745F868-2235-4841-8FCF-D3AB2CE0CAD8-150x150.png 150w, https:\/\/xn--quiaeucetteidefolle-nzb.ch\/wp-content\/uploads\/2022\/01\/2745F868-2235-4841-8FCF-D3AB2CE0CAD8-380x380.png 380w, https:\/\/xn--quiaeucetteidefolle-nzb.ch\/wp-content\/uploads\/2022\/01\/2745F868-2235-4841-8FCF-D3AB2CE0CAD8-420x420.png 420w, https:\/\/xn--quiaeucetteidefolle-nzb.ch\/wp-content\/uploads\/2022\/01\/2745F868-2235-4841-8FCF-D3AB2CE0CAD8-100x100.png 100w\" sizes=\"auto, (max-width: 512px) 100vw, 512px\" \/><\/figure><div class=\"wp-block-media-text__content\">\n<p class=\"has-normal-font-size\">Isabelle Thorens est&nbsp;enseignante sp\u00e9cialis\u00e9e&nbsp;(2008),&nbsp;elle est \u00e9galement titulaire d\u2019un Master en sciences de l\u2019\u00e9ducation (2011). Actuellement&nbsp;coordinatrice&nbsp;du dispositif d\u2019enseignement sp\u00e9cialis\u00e9 dans les \u00e9coles professionnelles, elle exerce au&nbsp;sein du Centre d\u2019Enseignement Professionnel de Morges (CEPM).&nbsp;Charg\u00e9e de cours et formatrice d\u2019enseignant\u00b7e\u00b7s&nbsp;depuis plus de dix ans, elle forme et accompagne tous types de professionnels intervenant \u00e0 l\u2019\u00e9cole dans des domaines tels que la flexibilit\u00e9 p\u00e9dagogique, l\u2019accessibilit\u00e9, la gestion de classe, la transition \u00e9cole-m\u00e9tier, la prise en charge d\u2019\u00e9l\u00e8ves porteurs de diagnostics au sein du collectif classe, ainsi que le d\u00e9veloppement de pratiques p\u00e9dagogiques adapt\u00e9es \u00e0 l\u2019h\u00e9t\u00e9rog\u00e9n\u00e9it\u00e9 des \u00e9l\u00e8ves et de leurs besoins.<\/p>\n<\/div><\/div>\n\n\n\n<p>Cette plateforme \u00e9tant en construction,&nbsp;diff\u00e9rentes offres et ressources seront ajout\u00e9es \u00e0 mesure.&nbsp;Vous pouvez d\u00e8s \u00e0 pr\u00e9sent prendre contact avec Marc et\/ou Isabelle Thorens via<a href=\"https:\/\/xn--quiaeucetteidefolle-nzb.ch\/?page_id=1281\" title=\" ce formulaire\"> ce formulaire<\/a>.<\/p>\n","protected":false},"excerpt":{"rendered":"<p>Marc et Isabelle Thorens vous souhaitent [&hellip;]<\/p>\n","protected":false},"author":1,"featured_media":0,"parent":0,"menu_order":0,"comment_status":"closed","ping_status":"closed","template":"","meta":{"om_disable_all_campaigns":false,"_monsterinsights_skip_tracking":false,"_monsterinsights_sitenote_active":false,"_monsterinsights_sitenote_note":"","_monsterinsights_sitenote_category":0,"footnotes":""},"class_list":["post-1266","page","type-page","status-publish","hentry"],"aioseo_notices":[],"_links":{"self":[{"href":"https:\/\/xn--quiaeucetteidefolle-nzb.ch\/index.php?rest_route=\/wp\/v2\/pages\/1266","targetHints":{"allow":["GET"]}}],"collection":[{"href":"https:\/\/xn--quiaeucetteidefolle-nzb.ch\/index.php?rest_route=\/wp\/v2\/pages"}],"about":[{"href":"https:\/\/xn--quiaeucetteidefolle-nzb.ch\/index.php?rest_route=\/wp\/v2\/types\/page"}],"author":[{"embeddable":true,"href":"https:\/\/xn--quiaeucetteidefolle-nzb.ch\/index.php?rest_route=\/wp\/v2\/users\/1"}],"replies":[{"embeddable":true,"href":"https:\/\/xn--quiaeucetteidefolle-nzb.ch\/index.php?rest_route=%2Fwp%2Fv2%2Fcomments&post=1266"}],"version-history":[{"count":41,"href":"https:\/\/xn--quiaeucetteidefolle-nzb.ch\/index.php?rest_route=\/wp\/v2\/pages\/1266\/revisions"}],"predecessor-version":[{"id":1901,"href":"https:\/\/xn--quiaeucetteidefolle-nzb.ch\/index.php?rest_route=\/wp\/v2\/pages\/1266\/revisions\/1901"}],"wp:attachment":[{"href":"https:\/\/xn--quiaeucetteidefolle-nzb.ch\/index.php?rest_route=%2Fwp%2Fv2%2Fmedia&parent=1266"}],"curies":[{"name":"wp","href":"https:\/\/api.w.org\/{rel}","templated":true}]}}